{"id":21245921,"date":"2025-04-03T21:23:44","date_gmt":"2025-04-03T21:23:44","guid":{"rendered":"https:\/\/casasdacomedia.com\/?page_id=21245921"},"modified":"2025-06-18T15:34:58","modified_gmt":"2025-06-18T15:34:58","slug":"coimbra-guide","status":"publish","type":"page","link":"https:\/\/casasdacomedia.com\/pt\/coimbra-guide\/","title":{"rendered":"Coimbra Guide"},"content":{"rendered":"<p>[et_pb_section fb_built=&#8221;1&#8243; _builder_version=&#8221;4.27.4&#8243; _module_preset=&#8221;default&#8221; custom_padding=&#8221;||0px||false|false&#8221; locked=&#8221;off&#8221; global_colors_info=&#8221;{}&#8221;][et_pb_row _builder_version=&#8221;4.27.4&#8243; _module_preset=&#8221;default&#8221; global_colors_info=&#8221;{}&#8221;][et_pb_column type=&#8221;4_4&#8243; _builder_version=&#8221;4.27.4&#8243; _module_preset=&#8221;default&#8221; global_colors_info=&#8221;{}&#8221;][et_pb_image src=&#8221;http:\/\/casasdacomedia.com\/wp-content\/uploads\/2025\/02\/CdC_Logos-01.webp&#8221; title_text=&#8221;CdC_Logos-01&#8243; align=&#8221;center&#8221; _builder_version=&#8221;4.27.4&#8243; _module_preset=&#8221;default&#8221; width=&#8221;23%&#8221; width_tablet=&#8221;40%&#8221; width_phone=&#8221;65%&#8221; width_last_edited=&#8221;on|phone&#8221; custom_margin=&#8221;3vw||||false|false&#8221; locked=&#8221;off&#8221; global_colors_info=&#8221;{}&#8221;][\/et_pb_image][\/et_pb_column][\/et_pb_row][\/et_pb_section][et_pb_section fb_built=&#8221;1&#8243; _builder_version=&#8221;4.27.4&#8243; _module_preset=&#8221;default&#8221; custom_margin=&#8221;0px||0px||false|false&#8221; custom_padding=&#8221;0px||0px||false|false&#8221; locked=&#8221;off&#8221; global_colors_info=&#8221;{}&#8221;][et_pb_row _builder_version=&#8221;4.27.4&#8243; _module_preset=&#8221;default&#8221; width=&#8221;60%&#8221; width_tablet=&#8221;80%&#8221; width_phone=&#8221;85%&#8221; width_last_edited=&#8221;on|phone&#8221; max_width=&#8221;80%&#8221; custom_margin=&#8221;||0px||false|false&#8221; custom_padding=&#8221;4vw||2vw||false|false&#8221; global_colors_info=&#8221;{}&#8221;][et_pb_column type=&#8221;4_4&#8243; _builder_version=&#8221;4.27.4&#8243; _module_preset=&#8221;default&#8221; global_colors_info=&#8221;{}&#8221;][et_pb_heading title=&#8221;Welcome to Coimbra:&#8221; _builder_version=&#8221;4.27.4&#8243; _module_preset=&#8221;default&#8221; title_font=&#8221;Mont &#8211; book||||||||&#8221; title_text_color=&#8221;#303435&#8243; title_font_size=&#8221;50px&#8221; custom_margin=&#8221;||-2px|||&#8221; title_font_size_tablet=&#8221;50px&#8221; title_font_size_phone=&#8221;43px&#8221; title_font_size_last_edited=&#8221;on|phone&#8221; global_colors_info=&#8221;{}&#8221;][\/et_pb_heading][et_pb_heading title=&#8221;Portugal&#8217;s Historic University City&#8221; _builder_version=&#8221;4.27.4&#8243; _module_preset=&#8221;default&#8221; title_level=&#8221;h2&#8243; title_font=&#8221;Fraunces||on||||||&#8221; title_text_color=&#8221;#9c8e75&#8243; title_font_size=&#8221;50px&#8221; custom_margin=&#8221;-10px||0px||false|false&#8221; custom_padding=&#8221;0px||0px||false|false&#8221; title_font_size_tablet=&#8221;50px&#8221; title_font_size_phone=&#8221;50px&#8221; title_font_size_last_edited=&#8221;on|desktop&#8221; global_colors_info=&#8221;{}&#8221;][\/et_pb_heading][et_pb_text _builder_version=&#8221;4.27.4&#8243; _module_preset=&#8221;default&#8221; text_font=&#8221;Mont &#8211; book||||||||&#8221; custom_padding_tablet=&#8221;&#8221; custom_padding_phone=&#8221;||6vw||false|false&#8221; custom_padding_last_edited=&#8221;on|phone&#8221; global_colors_info=&#8221;{}&#8221;]<\/p>\n<p><span style=\"font-weight: 400;\">This guide will help you discover the charm of Coimbra, the first <span>capital of Portugal in the 12th century, <\/span>home to <span>one of the oldest Universities in continuous operation worldwide, now a UNESCO World Heritage site.<\/span><\/span><\/p>\n<p>[\/et_pb_text][\/et_pb_column][\/et_pb_row][\/et_pb_section][et_pb_section fb_built=&#8221;1&#8243; admin_label=&#8221;Section&#8221; _builder_version=&#8221;4.27.4&#8243; _module_preset=&#8221;default&#8221; background_image=&#8221;http:\/\/casasdacomedia.com\/wp-content\/uploads\/2025\/04\/Full-Wide_01_06.png&#8221; parallax=&#8221;on&#8221; parallax_method=&#8221;off&#8221; background_blend=&#8221;soft-light&#8221; height=&#8221;33vw&#8221; height_tablet=&#8221;55vw&#8221; height_phone=&#8221;150vw&#8221; height_last_edited=&#8221;on|phone&#8221; locked=&#8221;off&#8221; global_colors_info=&#8221;{}&#8221;][\/et_pb_section][et_pb_section fb_built=&#8221;1&#8243; admin_label=&#8221;Section&#8221; _builder_version=&#8221;4.27.4&#8243; _module_preset=&#8221;default&#8221; z_index=&#8221;7&#8243; locked=&#8221;off&#8221; global_colors_info=&#8221;{}&#8221;][et_pb_row custom_padding_last_edited=&#8221;on|phone&#8221; _builder_version=&#8221;4.27.4&#8243; _module_preset=&#8221;default&#8221; width=&#8221;60%&#8221; width_tablet=&#8221;70%&#8221; width_phone=&#8221;80%&#8221; width_last_edited=&#8221;on|tablet&#8221; max_width=&#8221;60%&#8221; max_width_tablet=&#8221;70%&#8221; max_width_phone=&#8221;none&#8221; max_width_last_edited=&#8221;on|tablet&#8221; custom_margin_tablet=&#8221;&#8221; custom_margin_phone=&#8221;0px||||false|false&#8221; custom_margin_last_edited=&#8221;on|phone&#8221; custom_padding=&#8221;||2vw||false|false&#8221; custom_padding_tablet=&#8221;||2vw||false|false&#8221; custom_padding_phone=&#8221;0px||||false|false&#8221; locked=&#8221;off&#8221; global_colors_info=&#8221;{}&#8221;][et_pb_column type=&#8221;4_4&#8243; _builder_version=&#8221;4.27.4&#8243; _module_preset=&#8221;default&#8221; global_colors_info=&#8221;{}&#8221;][et_pb_heading title=&#8221;Enjoy the city&#8221; _builder_version=&#8221;4.27.4&#8243; _module_preset=&#8221;default&#8221; title_font=&#8221;Mont &#8211; book||||||||&#8221; title_text_color=&#8221;#303435&#8243; title_font_size=&#8221;50px&#8221; custom_margin=&#8221;||-2px|||&#8221; title_font_size_tablet=&#8221;50px&#8221; title_font_size_phone=&#8221;43px&#8221; title_font_size_last_edited=&#8221;on|phone&#8221; global_colors_info=&#8221;{}&#8221;][\/et_pb_heading][et_pb_heading title=&#8221;Like a local&#8221; _builder_version=&#8221;4.27.4&#8243; _module_preset=&#8221;default&#8221; title_level=&#8221;h2&#8243; title_font=&#8221;Fraunces||on||||||&#8221; title_text_color=&#8221;#9c8e75&#8243; title_font_size=&#8221;50px&#8221; custom_margin=&#8221;-10px||0px||false|false&#8221; custom_padding=&#8221;0px||0px||false|false&#8221; title_font_size_tablet=&#8221;50px&#8221; title_font_size_phone=&#8221;50px&#8221; title_font_size_last_edited=&#8221;on|desktop&#8221; global_colors_info=&#8221;{}&#8221;][\/et_pb_heading][\/et_pb_column][\/et_pb_row][et_pb_row column_structure=&#8221;1_2,1_2&#8243; _builder_version=&#8221;4.27.4&#8243; _module_preset=&#8221;default&#8221; width=&#8221;60%&#8221; max_width=&#8221;none&#8221; global_colors_info=&#8221;{}&#8221;][et_pb_column type=&#8221;1_2&#8243; _builder_version=&#8221;4.27.4&#8243; _module_preset=&#8221;default&#8221; global_colors_info=&#8221;{}&#8221;][et_pb_image src=&#8221;http:\/\/casasdacomedia.com\/wp-content\/uploads\/2025\/04\/Square-img11.webp&#8221; title_text=&#8221;Square img11&#8243; url=&#8221;https:\/\/casasdacomedia.com\/cafes\/&#8221; align_tablet=&#8221;&#8221; align_phone=&#8221;center&#8221; align_last_edited=&#8221;on|phone&#8221; _builder_version=&#8221;4.27.4&#8243; _module_preset=&#8221;default&#8221; width=&#8221;80%&#8221; module_alignment=&#8221;center&#8221; global_colors_info=&#8221;{}&#8221; transform_styles__hover_enabled=&#8221;on|hover&#8221; transform_scale__hover_enabled=&#8221;on|hover&#8221; transform_translate__hover_enabled=&#8221;on|desktop&#8221; transform_rotate__hover_enabled=&#8221;on|desktop&#8221; transform_skew__hover_enabled=&#8221;on|desktop&#8221; transform_origin__hover_enabled=&#8221;on|desktop&#8221; transform_scale__hover=&#8221;107%|107%&#8221;][\/et_pb_image][et_pb_heading title=&#8221;Caf\u00e9s &#038; the Arts&#8221; _builder_version=&#8221;4.27.4&#8243; _module_preset=&#8221;default&#8221; title_font=&#8221;Fraunces||||||||&#8221; title_font_size=&#8221;28px&#8221; custom_margin=&#8221;|2.7vw||2.7vw|false|true&#8221; title_text_align_tablet=&#8221;&#8221; title_text_align_phone=&#8221;center&#8221; title_text_align_last_edited=&#8221;on|phone&#8221; global_colors_info=&#8221;{}&#8221;][\/et_pb_heading][\/et_pb_column][et_pb_column type=&#8221;1_2&#8243; _builder_version=&#8221;4.27.4&#8243; _module_preset=&#8221;default&#8221; global_colors_info=&#8221;{}&#8221;][et_pb_image src=&#8221;http:\/\/casasdacomedia.com\/wp-content\/uploads\/2025\/06\/quebra-costas-jazz-1.jpg&#8221; title_text=&#8221;quebra costas jazz&#8221; url=&#8221;https:\/\/casasdacomedia.com\/cultural\/&#8221; align_tablet=&#8221;&#8221; align_phone=&#8221;center&#8221; align_last_edited=&#8221;on|phone&#8221; _builder_version=&#8221;4.27.4&#8243; _module_preset=&#8221;default&#8221; width=&#8221;80%&#8221; global_colors_info=&#8221;{}&#8221; transform_styles__hover_enabled=&#8221;on|hover&#8221; transform_scale__hover_enabled=&#8221;on|hover&#8221; transform_translate__hover_enabled=&#8221;on|desktop&#8221; transform_rotate__hover_enabled=&#8221;on|desktop&#8221; transform_skew__hover_enabled=&#8221;on|desktop&#8221; transform_origin__hover_enabled=&#8221;on|desktop&#8221; transform_scale__hover=&#8221;107%|107%&#8221;][\/et_pb_image][et_pb_heading title=&#8221;Culture &#038; Music&#8221; _builder_version=&#8221;4.27.4&#8243; _module_preset=&#8221;default&#8221; title_font=&#8221;Fraunces||||||||&#8221; title_text_align=&#8221;left&#8221; title_font_size=&#8221;28px&#8221; module_alignment=&#8221;left&#8221; custom_margin=&#8221;|2.7vw||0px|false|false&#8221; hover_enabled=&#8221;0&#8243; title_text_align_tablet=&#8221;left&#8221; title_text_align_phone=&#8221;center&#8221; title_text_align_last_edited=&#8221;on|phone&#8221; locked=&#8221;off&#8221; global_colors_info=&#8221;{}&#8221; sticky_enabled=&#8221;0&#8243;][\/et_pb_heading][\/et_pb_column][\/et_pb_row][et_pb_row column_structure=&#8221;1_2,1_2&#8243; _builder_version=&#8221;4.27.4&#8243; _module_preset=&#8221;default&#8221; width=&#8221;60%&#8221; max_width=&#8221;none&#8221; border_width_bottom=&#8221;1px&#8221; border_color_bottom=&#8221;rgba(0,0,0,0.3)&#8221; global_colors_info=&#8221;{}&#8221;][et_pb_column type=&#8221;1_2&#8243; _builder_version=&#8221;4.27.4&#8243; _module_preset=&#8221;default&#8221; global_colors_info=&#8221;{}&#8221;][et_pb_image src=&#8221;http:\/\/casasdacomedia.com\/wp-content\/uploads\/2025\/04\/Square-img13.webp&#8221; title_text=&#8221;Square img13&#8243; url=&#8221;https:\/\/casasdacomedia.com\/tour\/&#8221; align_tablet=&#8221;&#8221; align_phone=&#8221;center&#8221; align_last_edited=&#8221;on|phone&#8221; _builder_version=&#8221;4.27.4&#8243; _module_preset=&#8221;default&#8221; width=&#8221;80%&#8221; module_alignment=&#8221;center&#8221; global_colors_info=&#8221;{}&#8221; transform_styles__hover_enabled=&#8221;on|hover&#8221; transform_scale__hover_enabled=&#8221;on|hover&#8221; transform_translate__hover_enabled=&#8221;on|desktop&#8221; transform_rotate__hover_enabled=&#8221;on|desktop&#8221; transform_skew__hover_enabled=&#8221;on|desktop&#8221; transform_origin__hover_enabled=&#8221;on|desktop&#8221; transform_scale__hover=&#8221;107%|107%&#8221;][\/et_pb_image][et_pb_heading title=&#8221;2-Day Walking Tour Itinerary&#8221; _builder_version=&#8221;4.27.4&#8243; _module_preset=&#8221;default&#8221; title_font=&#8221;Fraunces||||||||&#8221; title_font_size=&#8221;28px&#8221; custom_margin=&#8221;|2.7vw||2.7vw|false|true&#8221; title_text_align_tablet=&#8221;&#8221; title_text_align_phone=&#8221;center&#8221; title_text_align_last_edited=&#8221;on|phone&#8221; global_colors_info=&#8221;{}&#8221;][\/et_pb_heading][\/et_pb_column][et_pb_column type=&#8221;1_2&#8243; _builder_version=&#8221;4.27.4&#8243; _module_preset=&#8221;default&#8221; global_colors_info=&#8221;{}&#8221;][et_pb_image src=&#8221;http:\/\/casasdacomedia.com\/wp-content\/uploads\/2025\/04\/Square-img14.webp&#8221; title_text=&#8221;Square img14&#8243; url=&#8221;https:\/\/casasdacomedia.com\/other-spots\/&#8221; align_tablet=&#8221;&#8221; align_phone=&#8221;center&#8221; align_last_edited=&#8221;on|phone&#8221; _builder_version=&#8221;4.27.4&#8243; _module_preset=&#8221;default&#8221; width=&#8221;80%&#8221; global_colors_info=&#8221;{}&#8221; transform_styles__hover_enabled=&#8221;on|hover&#8221; transform_scale__hover_enabled=&#8221;on|hover&#8221; transform_translate__hover_enabled=&#8221;on|desktop&#8221; transform_rotate__hover_enabled=&#8221;on|desktop&#8221; transform_skew__hover_enabled=&#8221;on|desktop&#8221; transform_origin__hover_enabled=&#8221;on|desktop&#8221; transform_scale__hover=&#8221;107%|107%&#8221;][\/et_pb_image][et_pb_heading title=&#8221;Special Spots of Interest\u00a0&#8221; _builder_version=&#8221;4.27.4&#8243; _module_preset=&#8221;default&#8221; title_font=&#8221;Fraunces||||||||&#8221; title_text_align=&#8221;left&#8221; title_font_size=&#8221;28px&#8221; module_alignment=&#8221;center&#8221; custom_margin=&#8221;|0px||0px|false|false&#8221; custom_padding=&#8221;|3vw|||false|false&#8221; title_text_align_tablet=&#8221;left&#8221; title_text_align_phone=&#8221;center&#8221; title_text_align_last_edited=&#8221;on|phone&#8221; locked=&#8221;off&#8221; global_colors_info=&#8221;{}&#8221;][\/et_pb_heading][\/et_pb_column][\/et_pb_row][\/et_pb_section][et_pb_section fb_built=&#8221;1&#8243; _builder_version=&#8221;4.27.4&#8243; _module_preset=&#8221;default&#8221; custom_margin=&#8221;0px||||false|false&#8221; custom_padding=&#8221;0px||||false|false&#8221; global_colors_info=&#8221;{}&#8221;][et_pb_row _builder_version=&#8221;4.27.4&#8243; _module_preset=&#8221;default&#8221; width=&#8221;60%&#8221; width_tablet=&#8221;70%&#8221; width_phone=&#8221;80%&#8221; width_last_edited=&#8221;on|tablet&#8221; max_width=&#8221;60%&#8221; max_width_tablet=&#8221;70%&#8221; max_width_phone=&#8221;none&#8221; max_width_last_edited=&#8221;on|tablet&#8221; custom_padding=&#8221;||2vw||false|false&#8221; locked=&#8221;off&#8221; global_colors_info=&#8221;{}&#8221;][et_pb_column type=&#8221;4_4&#8243; _builder_version=&#8221;4.27.4&#8243; _module_preset=&#8221;default&#8221; global_colors_info=&#8221;{}&#8221;][et_pb_heading title=&#8221;Transportation&#8221; _builder_version=&#8221;4.27.4&#8243; _module_preset=&#8221;default&#8221; title_font=&#8221;Mont &#8211; book||||||||&#8221; title_text_color=&#8221;#303435&#8243; title_font_size=&#8221;50px&#8221; custom_margin=&#8221;||-2px|||&#8221; title_font_size_tablet=&#8221;50px&#8221; title_font_size_phone=&#8221;43px&#8221; title_font_size_last_edited=&#8221;on|phone&#8221; global_colors_info=&#8221;{}&#8221;][\/et_pb_heading][et_pb_heading title=&#8221;Tips&#8221; _builder_version=&#8221;4.27.4&#8243; _module_preset=&#8221;default&#8221; title_level=&#8221;h2&#8243; title_font=&#8221;Fraunces||on||||||&#8221; title_text_color=&#8221;#9c8e75&#8243; title_font_size=&#8221;50px&#8221; custom_margin=&#8221;-10px||0px||false|false&#8221; custom_padding=&#8221;0px||0px||false|false&#8221; title_font_size_tablet=&#8221;50px&#8221; title_font_size_phone=&#8221;50px&#8221; title_font_size_last_edited=&#8221;on|desktop&#8221; global_colors_info=&#8221;{}&#8221;][\/et_pb_heading][\/et_pb_column][\/et_pb_row][et_pb_row custom_padding_last_edited=&#8221;on|desktop&#8221; _builder_version=&#8221;4.27.4&#8243; _module_preset=&#8221;default&#8221; width=&#8221;60%&#8221; width_tablet=&#8221;70%&#8221; width_phone=&#8221;90%&#8221; width_last_edited=&#8221;on|tablet&#8221; max_width=&#8221;70%&#8221; max_width_tablet=&#8221;70%&#8221; max_width_phone=&#8221;none&#8221; max_width_last_edited=&#8221;on|phone&#8221; custom_margin=&#8221;||0px||false|false&#8221; custom_margin_tablet=&#8221;||0px||false|false&#8221; custom_margin_phone=&#8221;||0px|8vw|false|false&#8221; custom_margin_last_edited=&#8221;on|phone&#8221; custom_padding=&#8221;2vw||2vw||false|false&#8221; custom_padding_tablet=&#8221;||4vw||false|false&#8221; custom_padding_phone=&#8221;8vw||2vw||false|false&#8221; border_color_bottom=&#8221;rgba(0,0,0,0.3)&#8221; locked=&#8221;off&#8221; global_colors_info=&#8221;{}&#8221;][et_pb_column type=&#8221;4_4&#8243; _builder_version=&#8221;4.27.4&#8243; _module_preset=&#8221;default&#8221; global_colors_info=&#8221;{}&#8221;][et_pb_text _builder_version=&#8221;4.27.4&#8243; _module_preset=&#8221;default&#8221; text_font=&#8221;Mont &#8211; book||||||||&#8221; locked=&#8221;off&#8221; global_colors_info=&#8221;{}&#8221;]<\/p>\n<ul>\n<li style=\"font-weight: 400;\" aria-level=\"1\"><span style=\"font-weight: 400;\">Coimbra \u00e9 compacta e caminh\u00e1vel, mas esteja preparado para colinas e escadas.\u200b<\/span><\/li>\n<li style=\"font-weight: 400;\" aria-level=\"1\"><span style=\"font-weight: 400;\">Local buses run throughout the city &#8211; try the &#8220;<a href=\"https:\/\/www.smtuc.pt\/en\/linha-do-botanico\/\">Linha Botanico,<\/a>&#8221; an electric mini-bus that loops through the Alta &amp; Jardim Botanico <span>linking the riverside area, the Convento de S. Francisco, the Mosteiros de Santa Clara, Portugal dos Pequenitos and the Jardim Botanico to the historical district\u00a0<\/span><\/span><\/li>\n<li style=\"font-weight: 400;\" aria-level=\"1\"><span style=\"font-weight: 400;\">T\u00e1xis est\u00e3o prontamente dispon\u00edveis e s\u00e3o relativamente baratos.\u200b<\/span><\/li>\n<li style=\"font-weight: 400;\" aria-level=\"1\"><span style=\"font-weight: 400;\">O funicular \u201cElevador do Mercado\u201d conecta o centro da cidade \u00e0 parte alta.\u200b<\/span><\/li>\n<\/ul>\n<p>[\/et_pb_text][\/et_pb_column][\/et_pb_row][\/et_pb_section][et_pb_section fb_built=&#8221;1&#8243; custom_padding_last_edited=&#8221;on|phone&#8221; _builder_version=&#8221;4.27.4&#8243; _module_preset=&#8221;default&#8221; custom_margin_tablet=&#8221;&#8221; custom_margin_phone=&#8221;0px||||false|false&#8221; custom_margin_last_edited=&#8221;on|phone&#8221; custom_padding_tablet=&#8221;&#8221; custom_padding_phone=&#8221;0px||||false|false&#8221; global_colors_info=&#8221;{}&#8221;][et_pb_row _builder_version=&#8221;4.27.4&#8243; _module_preset=&#8221;default&#8221; width=&#8221;60%&#8221; width_tablet=&#8221;70%&#8221; width_phone=&#8221;80%&#8221; width_last_edited=&#8221;on|tablet&#8221; max_width=&#8221;60%&#8221; max_width_tablet=&#8221;70%&#8221; max_width_phone=&#8221;none&#8221; max_width_last_edited=&#8221;on|tablet&#8221; custom_padding=&#8221;||2vw||false|false&#8221; locked=&#8221;off&#8221; global_colors_info=&#8221;{}&#8221;][et_pb_column type=&#8221;4_4&#8243; _builder_version=&#8221;4.27.4&#8243; _module_preset=&#8221;default&#8221; global_colors_info=&#8221;{}&#8221;][et_pb_text _builder_version=&#8221;4.27.4&#8243; _module_preset=&#8221;default&#8221; text_font=&#8221;Fraunces||||||||&#8221; text_font_size=&#8221;23px&#8221; global_colors_info=&#8221;{}&#8221;]<\/p>\n<p><span style=\"font-weight: 400;\">Aproveite seu tempo em Coimbra, onde s\u00e9culos de tradi\u00e7\u00e3o acad\u00eamica se misturam com m\u00fasica com alma e rica cultura portuguesa!\u200b<\/span><\/p>\n<p>[\/et_pb_text][\/et_pb_column][\/et_pb_row][\/et_pb_section]<\/p>","protected":false},"excerpt":{"rendered":"<p>This guide will help you discover the charm of Coimbra, the first capital of Portugal in the 12th century, home to one of the oldest Universities in continuous operation worldwide, now a UNESCO World Heritage site. Coimbra is compact and walkable, but be prepared for hills and stairs Local buses run throughout the city &#8211; [&hellip;]<\/p>","protected":false},"author":1,"featured_media":0,"parent":0,"menu_order":0,"comment_status":"closed","ping_status":"closed","template":"","meta":{"_et_pb_use_builder":"on","_et_pb_old_content":"","_et_gb_content_width":"","footnotes":""},"class_list":["post-21245921","page","type-page","status-publish","hentry"],"aioseo_notices":[],"_links":{"self":[{"href":"https:\/\/casasdacomedia.com\/pt\/wp-json\/wp\/v2\/pages\/21245921","targetHints":{"allow":["GET"]}}],"collection":[{"href":"https:\/\/casasdacomedia.com\/pt\/wp-json\/wp\/v2\/pages"}],"about":[{"href":"https:\/\/casasdacomedia.com\/pt\/wp-json\/wp\/v2\/types\/page"}],"author":[{"embeddable":true,"href":"https:\/\/casasdacomedia.com\/pt\/wp-json\/wp\/v2\/users\/1"}],"replies":[{"embeddable":true,"href":"https:\/\/casasdacomedia.com\/pt\/wp-json\/wp\/v2\/comments?post=21245921"}],"version-history":[{"count":34,"href":"https:\/\/casasdacomedia.com\/pt\/wp-json\/wp\/v2\/pages\/21245921\/revisions"}],"predecessor-version":[{"id":21246365,"href":"https:\/\/casasdacomedia.com\/pt\/wp-json\/wp\/v2\/pages\/21245921\/revisions\/21246365"}],"wp:attachment":[{"href":"https:\/\/casasdacomedia.com\/pt\/wp-json\/wp\/v2\/media?parent=21245921"}],"curies":[{"name":"wp","href":"https:\/\/api.w.org\/{rel}","templated":true}]}}