{"id":21246124,"date":"2025-04-04T22:06:10","date_gmt":"2025-04-04T22:06:10","guid":{"rendered":"https:\/\/casasdacomedia.com\/?page_id=21246124"},"modified":"2025-04-07T15:00:49","modified_gmt":"2025-04-07T15:00:49","slug":"cafes","status":"publish","type":"page","link":"https:\/\/casasdacomedia.com\/pt\/cafes\/","title":{"rendered":"Cafes"},"content":{"rendered":"<p>[et_pb_section fb_built=&#8221;1&#8243; _builder_version=&#8221;4.27.4&#8243; _module_preset=&#8221;default&#8221; background_color=&#8221;#c9c0af&#8221; custom_margin=&#8221;5vw||||false|false&#8221; global_colors_info=&#8221;{}&#8221;][et_pb_row custom_padding_last_edited=&#8221;on|desktop&#8221; _builder_version=&#8221;4.27.4&#8243; _module_preset=&#8221;default&#8221; width=&#8221;60%&#8221; width_tablet=&#8221;70%&#8221; width_phone=&#8221;80%&#8221; width_last_edited=&#8221;on|tablet&#8221; max_width=&#8221;70%&#8221; custom_margin=&#8221;||0px||false|false&#8221; custom_padding=&#8221;||2vw||false|false&#8221; custom_padding_tablet=&#8221;||2vw||false|false&#8221; custom_padding_phone=&#8221;||2vw||false|false&#8221; locked=&#8221;off&#8221; global_colors_info=&#8221;{}&#8221;][et_pb_column type=&#8221;4_4&#8243; _builder_version=&#8221;4.27.4&#8243; _module_preset=&#8221;default&#8221; global_colors_info=&#8221;{}&#8221;][et_pb_heading title=&#8221;Caf\u00e9s Offering &#8221; _builder_version=&#8221;4.27.4&#8243; _module_preset=&#8221;default&#8221; title_font=&#8221;Mont &#8211; book||||||||&#8221; title_text_color=&#8221;#303435&#8243; title_font_size=&#8221;50px&#8221; custom_margin=&#8221;||-2px|||&#8221; title_font_size_tablet=&#8221;50px&#8221; title_font_size_phone=&#8221;43px&#8221; title_font_size_last_edited=&#8221;on|phone&#8221; global_colors_info=&#8221;{}&#8221;][\/et_pb_heading][et_pb_heading title=&#8221;Free Fado Performances&#8221; _builder_version=&#8221;4.27.4&#8243; _module_preset=&#8221;default&#8221; title_level=&#8221;h2&#8243; title_font=&#8221;Fraunces|600|on||||||&#8221; title_text_color=&#8221;#FFFFFF&#8221; title_font_size=&#8221;50px&#8221; custom_margin=&#8221;-10px||10px||false|false&#8221; custom_margin_tablet=&#8221;-18px||15px||false|false&#8221; custom_margin_phone=&#8221;-10px||28px||false|false&#8221; custom_margin_last_edited=&#8221;on|phone&#8221; custom_padding=&#8221;0px||0px||false|false&#8221; hover_enabled=&#8221;0&#8243; title_font_size_tablet=&#8221;60px&#8221; title_font_size_phone=&#8221;40px&#8221; title_font_size_last_edited=&#8221;on|phone&#8221; title_letter_spacing_last_edited=&#8221;off|phone&#8221; title_line_height_tablet=&#8221;0.8em&#8221; title_line_height_phone=&#8221;0.9em&#8221; title_line_height_last_edited=&#8221;on|desktop&#8221; global_colors_info=&#8221;{}&#8221; sticky_enabled=&#8221;0&#8243;][\/et_pb_heading][et_pb_text _builder_version=&#8221;4.27.4&#8243; _module_preset=&#8221;default&#8221; text_font=&#8221;Mont &#8211; book||||||||&#8221; text_text_color=&#8221;#FFFFFF&#8221; global_colors_info=&#8221;{}&#8221;]<\/p>\n<p><span style=\"font-weight: 400;\">A tradi\u00e7\u00e3o do fado em Coimbra difere da de Lisboa, com um estilo distinto interpretado por estudantes universit\u00e1rios trajando capas pretas. Aqui est\u00e3o os melhores lugares para vivenciar o aut\u00eantico fado de Coimbra sem taxa de entrada:<\/span><\/p>\n<p>[\/et_pb_text][\/et_pb_column][\/et_pb_row][\/et_pb_section][et_pb_section fb_built=&#8221;1&#8243; _builder_version=&#8221;4.27.4&#8243; _module_preset=&#8221;default&#8221; global_colors_info=&#8221;{}&#8221;][et_pb_row column_structure=&#8221;1_4,3_4&#8243; custom_padding_last_edited=&#8221;on|desktop&#8221; _builder_version=&#8221;4.27.4&#8243; _module_preset=&#8221;default&#8221; width=&#8221;60%&#8221; width_tablet=&#8221;70%&#8221; width_phone=&#8221;80%&#8221; width_last_edited=&#8221;on|tablet&#8221; max_width=&#8221;70%&#8221; custom_margin=&#8221;||0px||false|false&#8221; custom_padding=&#8221;||2vw||false|false&#8221; custom_padding_tablet=&#8221;||4vw||false|false&#8221; custom_padding_phone=&#8221;||2vw||false|false&#8221; hover_enabled=&#8221;0&#8243; locked=&#8221;off&#8221; global_colors_info=&#8221;{}&#8221; sticky_enabled=&#8221;0&#8243; border_width_bottom=&#8221;1px&#8221; border_color_bottom=&#8221;rgba(0,0,0,0.3)&#8221;][et_pb_column type=&#8221;1_4&#8243; _builder_version=&#8221;4.27.4&#8243; _module_preset=&#8221;default&#8221; global_colors_info=&#8221;{}&#8221;][et_pb_image src=&#8221;http:\/\/casasdacomedia.com\/wp-content\/uploads\/2025\/04\/Guide_Cafe.webp&#8221; title_text=&#8221;Guide_Cafe&#8221; _builder_version=&#8221;4.27.4&#8243; _module_preset=&#8221;default&#8221; hover_enabled=&#8221;0&#8243; global_colors_info=&#8221;{}&#8221; width_last_edited=&#8221;on|tablet&#8221; width_tablet=&#8221;50%&#8221; sticky_enabled=&#8221;0&#8243; width_phone=&#8221;100%&#8221;][\/et_pb_image][\/et_pb_column][et_pb_column type=&#8221;3_4&#8243; _builder_version=&#8221;4.27.4&#8243; _module_preset=&#8221;default&#8221; global_colors_info=&#8221;{}&#8221;][et_pb_text _builder_version=&#8221;4.27.4&#8243; _module_preset=&#8221;default&#8221; text_font=&#8221;Mont &#8211; book||||||||&#8221; global_colors_info=&#8221;{}&#8221;]<\/p>\n<p class=\"translation-block\">Caf\u00e9 Santa Cruz - Localizado em uma antiga igreja do s\u00e9culo XVI, este caf\u00e9 hist\u00f3rico ocasionalmente recebe apresenta\u00e7\u00f5es improvisadas de fado estudantil \u00e0 noite.<\/p>\n<p>[\/et_pb_text][et_pb_text _builder_version=&#8221;4.27.4&#8243; _module_preset=&#8221;default&#8221; text_font=&#8221;Mont &#8211; book||||||||&#8221; hover_enabled=&#8221;0&#8243; global_colors_info=&#8221;{}&#8221; sticky_enabled=&#8221;0&#8243;]<\/p>\n<p><i><span style=\"font-weight: 400;\">Morada<\/span><\/i><span style=\"font-weight: 400;\">: Pra\u00e7a 8 de Maio, 3000-300 Coimbra<\/span><\/p>\n<p>[\/et_pb_text][et_pb_text _builder_version=&#8221;4.27.4&#8243; _module_preset=&#8221;default&#8221; text_font=&#8221;Mont &#8211; book||||||||&#8221; hover_enabled=&#8221;0&#8243; global_colors_info=&#8221;{}&#8221; sticky_enabled=&#8221;0&#8243; locked=&#8221;off&#8221; custom_padding_last_edited=&#8221;on|phone&#8221; custom_padding_phone=&#8221;||4vw||false|false&#8221;]<\/p>\n<p><a href=\"https:\/\/maps.app.goo.gl\/1JUTy5Z2oacwuqmc7\"><span style=\"text-decoration: underline;\">Ver no mapa<\/span><\/a><\/p>\n<p>[\/et_pb_text][\/et_pb_column][\/et_pb_row][et_pb_row column_structure=&#8221;1_4,3_4&#8243; custom_padding_last_edited=&#8221;on|desktop&#8221; _builder_version=&#8221;4.27.4&#8243; _module_preset=&#8221;default&#8221; width=&#8221;60%&#8221; width_tablet=&#8221;70%&#8221; width_phone=&#8221;80%&#8221; width_last_edited=&#8221;on|tablet&#8221; max_width=&#8221;70%&#8221; custom_margin=&#8221;||0px||false|false&#8221; custom_padding=&#8221;2vw||2vw||false|false&#8221; custom_padding_tablet=&#8221;||4vw||false|false&#8221; custom_padding_phone=&#8221;8vw||2vw||false|false&#8221; locked=&#8221;off&#8221; global_colors_info=&#8221;{}&#8221; hover_enabled=&#8221;0&#8243; sticky_enabled=&#8221;0&#8243; border_width_bottom=&#8221;1px&#8221; border_color_bottom=&#8221;rgba(0,0,0,0.3)&#8221;][et_pb_column type=&#8221;1_4&#8243; _builder_version=&#8221;4.27.4&#8243; _module_preset=&#8221;default&#8221; global_colors_info=&#8221;{}&#8221;][et_pb_image src=&#8221;http:\/\/casasdacomedia.com\/wp-content\/uploads\/2025\/04\/Guide_Acapella.webp&#8221; title_text=&#8221;Guide_Acapella&#8221; _builder_version=&#8221;4.27.4&#8243; _module_preset=&#8221;default&#8221; global_colors_info=&#8221;{}&#8221; width_last_edited=&#8221;on|tablet&#8221; width_tablet=&#8221;50%&#8221; sticky_enabled=&#8221;0&#8243; width_phone=&#8221;100%&#8221;][\/et_pb_image][\/et_pb_column][et_pb_column type=&#8221;3_4&#8243; _builder_version=&#8221;4.27.4&#8243; _module_preset=&#8221;default&#8221; global_colors_info=&#8221;{}&#8221;][et_pb_text admin_label=&#8221;Text&#8221; _builder_version=&#8221;4.27.4&#8243; _module_preset=&#8221;default&#8221; text_font=&#8221;Mont &#8211; book||||||||&#8221; global_colors_info=&#8221;{}&#8221;]<\/p>\n<p class=\"translation-block\">\u00c0 Capella - Um local aconchegante em uma capela convertida onde fadistas locais \u00e0s vezes se apresentam durante as noites de fim de semana.<\/p>\n<p>[\/et_pb_text][et_pb_text admin_label=&#8221;Text&#8221; _builder_version=&#8221;4.27.4&#8243; _module_preset=&#8221;default&#8221; text_font=&#8221;Mont &#8211; book||||||||&#8221; hover_enabled=&#8221;0&#8243; global_colors_info=&#8221;{}&#8221; sticky_enabled=&#8221;0&#8243;]<\/p>\n<p><span style=\"font-weight: 400;\"> <\/span><i><span style=\"font-weight: 400;\">Morada<\/span><\/i><span style=\"font-weight: 400;\">: Rua Corpo de Deus 25, 3000-094 Coimbra<\/span><span style=\"font-weight: 400;\"><\/span><span style=\"font-weight: 400;\"><\/span><\/p>\n<p>[\/et_pb_text][et_pb_text _builder_version=&#8221;4.27.4&#8243; _module_preset=&#8221;default&#8221; text_font=&#8221;Mont &#8211; book||||||||&#8221; hover_enabled=&#8221;0&#8243; global_colors_info=&#8221;{}&#8221; sticky_enabled=&#8221;0&#8243; locked=&#8221;off&#8221; custom_padding_last_edited=&#8221;on|phone&#8221; custom_padding_phone=&#8221;||4vw||false|false&#8221;]<\/p>\n<p><a href=\"https:\/\/maps.app.goo.gl\/vrXr26PpfeE6BPRN6\"><span style=\"text-decoration: underline;\">Ver no mapa<\/span><\/a><\/p>\n<p>[\/et_pb_text][\/et_pb_column][\/et_pb_row][et_pb_row column_structure=&#8221;1_4,3_4&#8243; custom_padding_last_edited=&#8221;on|desktop&#8221; _builder_version=&#8221;4.27.4&#8243; _module_preset=&#8221;default&#8221; width=&#8221;60%&#8221; width_tablet=&#8221;70%&#8221; width_phone=&#8221;80%&#8221; width_last_edited=&#8221;on|tablet&#8221; max_width=&#8221;70%&#8221; custom_margin=&#8221;||0px||false|false&#8221; custom_padding=&#8221;2vw||2vw||false|false&#8221; custom_padding_tablet=&#8221;||4vw||false|false&#8221; custom_padding_phone=&#8221;8vw||2vw||false|false&#8221; locked=&#8221;off&#8221; global_colors_info=&#8221;{}&#8221; border_width_bottom=&#8221;1px&#8221; border_color_bottom=&#8221;rgba(0,0,0,0.3)&#8221;][et_pb_column type=&#8221;1_4&#8243; _builder_version=&#8221;4.27.4&#8243; _module_preset=&#8221;default&#8221; global_colors_info=&#8221;{}&#8221;][et_pb_image src=&#8221;http:\/\/casasdacomedia.com\/wp-content\/uploads\/2025\/04\/Guide_Fado.webp&#8221; title_text=&#8221;Guide_Fado&#8221; _builder_version=&#8221;4.27.4&#8243; _module_preset=&#8221;default&#8221; global_colors_info=&#8221;{}&#8221; width_tablet=&#8221;50%&#8221; width_last_edited=&#8221;on|tablet&#8221; width_phone=&#8221;100%&#8221;][\/et_pb_image][\/et_pb_column][et_pb_column type=&#8221;3_4&#8243; _builder_version=&#8221;4.27.4&#8243; _module_preset=&#8221;default&#8221; global_colors_info=&#8221;{}&#8221;][et_pb_text _builder_version=&#8221;4.27.4&#8243; _module_preset=&#8221;default&#8221; text_font=&#8221;Mont &#8211; book||||||||&#8221; global_colors_info=&#8221;{}&#8221;]<\/p>\n<p class=\"translation-block\">Fado ao Centro - Embora tenham shows com ingresso, ocasionalmente oferecem miniapresenta\u00e7\u00f5es gratuitas como pr\u00e9vias no final da tarde.<\/p>\n<p>[\/et_pb_text][et_pb_text _builder_version=&#8221;4.27.4&#8243; _module_preset=&#8221;default&#8221; text_font=&#8221;Mont &#8211; book||||||||&#8221; hover_enabled=&#8221;0&#8243; global_colors_info=&#8221;{}&#8221; sticky_enabled=&#8221;0&#8243;]<\/p>\n<p><i><span style=\"font-weight: 400;\">Morada<\/span><\/i><span style=\"font-weight: 400;\">: Rua do Quebra Costas 7, 3000-340 Coimbra<\/span><span style=\"font-weight: 400;\"><\/span><span style=\"font-weight: 400;\"><\/span><\/p>\n<p>[\/et_pb_text][et_pb_text _builder_version=&#8221;4.27.4&#8243; _module_preset=&#8221;default&#8221; text_font=&#8221;Mont &#8211; book||||||||&#8221; hover_enabled=&#8221;0&#8243; global_colors_info=&#8221;{}&#8221; sticky_enabled=&#8221;0&#8243; locked=&#8221;off&#8221; custom_padding_last_edited=&#8221;on|phone&#8221; custom_padding_phone=&#8221;||4vw||false|false&#8221;]<\/p>\n<p><a href=\"https:\/\/maps.app.goo.gl\/Ag6Y11DUdnzBNmC1A\"><span style=\"text-decoration: underline;\">Ver no mapa<\/span><\/a><\/p>\n<p>[\/et_pb_text][\/et_pb_column][\/et_pb_row][et_pb_row column_structure=&#8221;1_4,3_4&#8243; custom_padding_last_edited=&#8221;on|desktop&#8221; _builder_version=&#8221;4.27.4&#8243; _module_preset=&#8221;default&#8221; width=&#8221;60%&#8221; width_tablet=&#8221;70%&#8221; width_phone=&#8221;80%&#8221; width_last_edited=&#8221;on|tablet&#8221; max_width=&#8221;70%&#8221; custom_margin=&#8221;||0px||false|false&#8221; custom_padding=&#8221;2vw||2vw||false|false&#8221; custom_padding_tablet=&#8221;||4vw||false|false&#8221; custom_padding_phone=&#8221;8vw||2vw||false|false&#8221; locked=&#8221;off&#8221; global_colors_info=&#8221;{}&#8221; border_width_bottom=&#8221;1px&#8221; border_color_bottom=&#8221;rgba(0,0,0,0.3)&#8221;][et_pb_column type=&#8221;1_4&#8243; _builder_version=&#8221;4.27.4&#8243; _module_preset=&#8221;default&#8221; global_colors_info=&#8221;{}&#8221;][et_pb_image src=&#8221;http:\/\/casasdacomedia.com\/wp-content\/uploads\/2025\/04\/Guide_Academico.webp&#8221; title_text=&#8221;Guide_Academico&#8221; _builder_version=&#8221;4.27.4&#8243; _module_preset=&#8221;default&#8221; global_colors_info=&#8221;{}&#8221; width_tablet=&#8221;50%&#8221; width_last_edited=&#8221;on|tablet&#8221; width_phone=&#8221;100%&#8221;][\/et_pb_image][\/et_pb_column][et_pb_column type=&#8221;3_4&#8243; _builder_version=&#8221;4.27.4&#8243; _module_preset=&#8221;default&#8221; global_colors_info=&#8221;{}&#8221;][et_pb_text _builder_version=&#8221;4.27.4&#8243; _module_preset=&#8221;default&#8221; text_font=&#8221;Mont &#8211; book||||||||&#8221; global_colors_info=&#8221;{}&#8221;]<\/p>\n<p class=\"translation-block\">Caf\u00e9 Acad\u00e9mico - Um ponto de encontro de estudantes universit\u00e1rios onde sess\u00f5es espont\u00e2neas de fado \u00e0s vezes ocorrem.<\/p>\n<p>[\/et_pb_text][et_pb_text _builder_version=&#8221;4.27.4&#8243; _module_preset=&#8221;default&#8221; text_font=&#8221;Mont &#8211; book||||||||&#8221; hover_enabled=&#8221;0&#8243; global_colors_info=&#8221;{}&#8221; sticky_enabled=&#8221;0&#8243;]<\/p>\n<p><i><span style=\"font-weight: 400;\">Morada<\/span><\/i><span style=\"font-weight: 400;\">: Rua Padre Ant\u00f3nio Vieira, 3000-315 Coimbra<\/span><span style=\"font-weight: 400;\"><\/span><span style=\"font-weight: 400;\"><\/span><\/p>\n<p>[\/et_pb_text][et_pb_text _builder_version=&#8221;4.27.4&#8243; _module_preset=&#8221;default&#8221; text_font=&#8221;Mont &#8211; book||||||||&#8221; hover_enabled=&#8221;0&#8243; global_colors_info=&#8221;{}&#8221; sticky_enabled=&#8221;0&#8243; locked=&#8221;off&#8221; custom_padding_last_edited=&#8221;on|phone&#8221; custom_padding_phone=&#8221;||4vw||false|false&#8221;]<\/p>\n<p><a href=\"https:\/\/maps.app.goo.gl\/LT2g8kRgiYdid8PG9\"><span style=\"text-decoration: underline;\">Ver no mapa<\/span><\/a><\/p>\n<p>[\/et_pb_text][\/et_pb_column][\/et_pb_row][et_pb_row column_structure=&#8221;1_4,3_4&#8243; custom_padding_last_edited=&#8221;on|desktop&#8221; _builder_version=&#8221;4.27.4&#8243; _module_preset=&#8221;default&#8221; width=&#8221;60%&#8221; width_tablet=&#8221;70%&#8221; width_phone=&#8221;80%&#8221; width_last_edited=&#8221;on|tablet&#8221; max_width=&#8221;70%&#8221; custom_margin=&#8221;||0px||false|false&#8221; custom_padding=&#8221;2vw||2vw||false|false&#8221; custom_padding_tablet=&#8221;||4vw||false|false&#8221; custom_padding_phone=&#8221;8vw||2vw||false|false&#8221; locked=&#8221;off&#8221; global_colors_info=&#8221;{}&#8221; border_color_bottom=&#8221;rgba(0,0,0,0.3)&#8221; hover_enabled=&#8221;0&#8243; sticky_enabled=&#8221;0&#8243;][et_pb_column type=&#8221;1_4&#8243; _builder_version=&#8221;4.27.4&#8243; _module_preset=&#8221;default&#8221; global_colors_info=&#8221;{}&#8221;][et_pb_image src=&#8221;http:\/\/casasdacomedia.com\/wp-content\/uploads\/2025\/04\/Guide_Arcadia.webp&#8221; title_text=&#8221;Guide_Arcadia&#8221; _builder_version=&#8221;4.27.4&#8243; _module_preset=&#8221;default&#8221; global_colors_info=&#8221;{}&#8221; width_tablet=&#8221;50%&#8221; width_last_edited=&#8221;on|tablet&#8221; width_phone=&#8221;100%&#8221;][\/et_pb_image][\/et_pb_column][et_pb_column type=&#8221;3_4&#8243; _builder_version=&#8221;4.27.4&#8243; _module_preset=&#8221;default&#8221; global_colors_info=&#8221;{}&#8221;][et_pb_text _builder_version=&#8221;4.27.4&#8243; _module_preset=&#8221;default&#8221; text_font=&#8221;Mont &#8211; book||||||||&#8221; global_colors_info=&#8221;{}&#8221;]<\/p>\n<p class=\"translation-block\">Arcada - Este caf\u00e9 no centro da cidade \u00e0s vezes recebe noites de fado sem cobran\u00e7a de entrada<\/p>\n<p>[\/et_pb_text][et_pb_text _builder_version=&#8221;4.27.4&#8243; _module_preset=&#8221;default&#8221; text_font=&#8221;Mont &#8211; book||||||||&#8221; hover_enabled=&#8221;0&#8243; global_colors_info=&#8221;{}&#8221; sticky_enabled=&#8221;0&#8243;]<\/p>\n<p><i><span style=\"font-weight: 400;\">Morada<\/span><\/i><span style=\"font-weight: 400;\">: Rua Ferreira Borges 38, 3000-180 Coimbra<\/span><\/p>\n<p>[\/et_pb_text][et_pb_text _builder_version=&#8221;4.27.4&#8243; _module_preset=&#8221;default&#8221; text_font=&#8221;Mont &#8211; book||||||||&#8221; hover_enabled=&#8221;0&#8243; global_colors_info=&#8221;{}&#8221; sticky_enabled=&#8221;0&#8243; locked=&#8221;off&#8221;]<\/p>\n<p><a href=\"https:\/\/maps.app.goo.gl\/cnSpRbE1bCuUrUtQA\"><span style=\"text-decoration: underline;\">Ver no mapa<\/span><\/a><\/p>\n<p>[\/et_pb_text][\/et_pb_column][\/et_pb_row][\/et_pb_section]<\/p>","protected":false},"excerpt":{"rendered":"<p>Coimbra&#8217;s fado tradition differs from Lisbon&#8217;s, with its own distinctive style performed by black-caped university students. Here are the best places to experience authentic Coimbra fado without an entry fee:1. Caf\u00e9 Santa Cruz &#8211; Located in a former 16th-century church, this historic caf\u00e9 occasionally hosts impromptu student fado performances in the evenings.\u00a0Address: Pra\u00e7a 8 de [&hellip;]<\/p>","protected":false},"author":1,"featured_media":0,"parent":0,"menu_order":0,"comment_status":"closed","ping_status":"closed","template":"","meta":{"_et_pb_use_builder":"on","_et_pb_old_content":"","_et_gb_content_width":"","footnotes":""},"class_list":["post-21246124","page","type-page","status-publish","hentry"],"aioseo_notices":[],"_links":{"self":[{"href":"https:\/\/casasdacomedia.com\/pt\/wp-json\/wp\/v2\/pages\/21246124","targetHints":{"allow":["GET"]}}],"collection":[{"href":"https:\/\/casasdacomedia.com\/pt\/wp-json\/wp\/v2\/pages"}],"about":[{"href":"https:\/\/casasdacomedia.com\/pt\/wp-json\/wp\/v2\/types\/page"}],"author":[{"embeddable":true,"href":"https:\/\/casasdacomedia.com\/pt\/wp-json\/wp\/v2\/users\/1"}],"replies":[{"embeddable":true,"href":"https:\/\/casasdacomedia.com\/pt\/wp-json\/wp\/v2\/comments?post=21246124"}],"version-history":[{"count":11,"href":"https:\/\/casasdacomedia.com\/pt\/wp-json\/wp\/v2\/pages\/21246124\/revisions"}],"predecessor-version":[{"id":21246166,"href":"https:\/\/casasdacomedia.com\/pt\/wp-json\/wp\/v2\/pages\/21246124\/revisions\/21246166"}],"wp:attachment":[{"href":"https:\/\/casasdacomedia.com\/pt\/wp-json\/wp\/v2\/media?parent=21246124"}],"curies":[{"name":"wp","href":"https:\/\/api.w.org\/{rel}","templated":true}]}}